{"id":1640,"date":"2024-02-29T13:33:34","date_gmt":"2024-02-29T13:33:34","guid":{"rendered":"https:\/\/frisk.themegenix.com\/?page_id=1640"},"modified":"2025-03-13T18:32:01","modified_gmt":"2025-03-13T17:32:01","slug":"about-us","status":"publish","type":"page","link":"https:\/\/marketingforhosts.com\/en\/about-us\/","title":{"rendered":"About Us"},"content":{"rendered":"<div data-elementor-type=\"wp-page\" data-elementor-id=\"1640\" class=\"elementor elementor-1640\" data-elementor-post-type=\"page\">\n\t\t\t\t<div class=\"elementor-element elementor-element-f1239cd e-flex e-con-boxed e-con e-parent\" data-id=\"f1239cd\" data-element_type=\"container\" data-e-type=\"container\">\n\t\t\t\t\t<div class=\"e-con-inner\">\n\t\t\t\t<div class=\"elementor-element elementor-element-42e0eab elementor-widget elementor-widget-heading\" data-id=\"42e0eab\" data-element_type=\"widget\" data-e-type=\"widget\" data-widget_type=\"heading.default\">\n\t\t\t\t<div class=\"elementor-widget-container\">\n\t\t\t\t\t<h1 class=\"elementor-heading-title elementor-size-default\">About Us<\/h1>\t\t\t\t<\/div>\n\t\t\t\t<\/div>\n\t\t\t\t\t<\/div>\n\t\t\t\t<\/div>\n\t\t<div class=\"elementor-element elementor-element-a876704 e-flex e-con-boxed e-con e-parent\" data-id=\"a876704\" data-element_type=\"container\" data-e-type=\"container\">\n\t\t\t\t\t<div class=\"e-con-inner\">\n\t\t<div class=\"elementor-element elementor-element-1b0b1a0 e-con-full e-flex e-con e-child\" data-id=\"1b0b1a0\" data-element_type=\"container\" data-e-type=\"container\">\n\t\t\t\t<div class=\"elementor-element elementor-element-f5dcca8 counter-left-align elementor-widget elementor-widget-counter\" data-id=\"f5dcca8\" data-element_type=\"widget\" data-e-type=\"widget\" data-widget_type=\"counter.default\">\n\t\t\t\t<div class=\"elementor-widget-container\">\n\t\t\t\t\t\t\t<div class=\"elementor-counter\">\n\t\t\t<h3 class=\"elementor-counter-title\">Years in the Hospitality Industry<\/h3>\t\t\t<div class=\"elementor-counter-number-wrapper\">\n\t\t\t\t<span class=\"elementor-counter-number-prefix\"><\/span>\n\t\t\t\t<span class=\"elementor-counter-number\" data-duration=\"2000\" data-to-value=\"15\" data-from-value=\"0\">0<\/span>\n\t\t\t\t<span class=\"elementor-counter-number-suffix\">+<\/span>\n\t\t\t<\/div>\n\t\t<\/div>\n\t\t\t\t\t\t<\/div>\n\t\t\t\t<\/div>\n\t\t\t\t<div class=\"elementor-element elementor-element-565fd37 elementor-widget elementor-widget-heading\" data-id=\"565fd37\" data-element_type=\"widget\" data-e-type=\"widget\" data-widget_type=\"heading.default\">\n\t\t\t\t<div class=\"elementor-widget-container\">\n\t\t\t\t\t<p class=\"elementor-heading-title elementor-size-default\">With over 15 years of experience in the hospitality industry, at Booking.com, and in digital marketing, we know exactly what hosts need.<\/p>\t\t\t\t<\/div>\n\t\t\t\t<\/div>\n\t\t\t\t<\/div>\n\t\t<div class=\"elementor-element elementor-element-6702758 e-con-full e-flex e-con e-child\" data-id=\"6702758\" data-element_type=\"container\" data-e-type=\"container\">\n\t\t\t\t<div class=\"elementor-element elementor-element-2d1baa3 counter-left-align elementor-widget elementor-widget-counter\" data-id=\"2d1baa3\" data-element_type=\"widget\" data-e-type=\"widget\" data-widget_type=\"counter.default\">\n\t\t\t\t<div class=\"elementor-widget-container\">\n\t\t\t\t\t\t\t<div class=\"elementor-counter\">\n\t\t\t<h3 class=\"elementor-counter-title\">Successful Projects<\/h3>\t\t\t<div class=\"elementor-counter-number-wrapper\">\n\t\t\t\t<span class=\"elementor-counter-number-prefix\"><\/span>\n\t\t\t\t<span class=\"elementor-counter-number\" data-duration=\"2000\" data-to-value=\"30\" data-from-value=\"0\">0<\/span>\n\t\t\t\t<span class=\"elementor-counter-number-suffix\">+<\/span>\n\t\t\t<\/div>\n\t\t<\/div>\n\t\t\t\t\t\t<\/div>\n\t\t\t\t<\/div>\n\t\t\t\t<div class=\"elementor-element elementor-element-9f464ba elementor-widget elementor-widget-heading\" data-id=\"9f464ba\" data-element_type=\"widget\" data-e-type=\"widget\" data-widget_type=\"heading.default\">\n\t\t\t\t<div class=\"elementor-widget-container\">\n\t\t\t\t\t<p class=\"elementor-heading-title elementor-size-default\">From websites to optimizing booking platforms, we help short term rental owners secure more bookings.<\/p>\t\t\t\t<\/div>\n\t\t\t\t<\/div>\n\t\t\t\t<\/div>\n\t\t<div class=\"elementor-element elementor-element-973e724 e-con-full e-flex e-con e-child\" data-id=\"973e724\" data-element_type=\"container\" data-e-type=\"container\">\n\t\t\t\t<div class=\"elementor-element elementor-element-038bb61 counter-left-align elementor-widget elementor-widget-counter\" data-id=\"038bb61\" data-element_type=\"widget\" data-e-type=\"widget\" data-widget_type=\"counter.default\">\n\t\t\t\t<div class=\"elementor-widget-container\">\n\t\t\t\t\t\t\t<div class=\"elementor-counter\">\n\t\t\t<h3 class=\"elementor-counter-title\">Hosts Who Trust Us<\/h3>\t\t\t<div class=\"elementor-counter-number-wrapper\">\n\t\t\t\t<span class=\"elementor-counter-number-prefix\"><\/span>\n\t\t\t\t<span class=\"elementor-counter-number\" data-duration=\"2000\" data-to-value=\"20\" data-from-value=\"0\">0<\/span>\n\t\t\t\t<span class=\"elementor-counter-number-suffix\">+<\/span>\n\t\t\t<\/div>\n\t\t<\/div>\n\t\t\t\t\t\t<\/div>\n\t\t\t\t<\/div>\n\t\t\t\t<div class=\"elementor-element elementor-element-893f383 elementor-widget elementor-widget-heading\" data-id=\"893f383\" data-element_type=\"widget\" data-e-type=\"widget\" data-widget_type=\"heading.default\">\n\t\t\t\t<div class=\"elementor-widget-container\">\n\t\t\t\t\t<p class=\"elementor-heading-title elementor-size-default\">Property owners trust our expertise for better visibility, more bookings, and less hassle.<\/p>\t\t\t\t<\/div>\n\t\t\t\t<\/div>\n\t\t\t\t<\/div>\n\t\t\t\t\t<\/div>\n\t\t\t\t<\/div>\n\t\t<div class=\"elementor-element elementor-element-0bb828a e-con-full e-flex e-con e-parent\" data-id=\"0bb828a\" data-element_type=\"container\" data-e-type=\"container\" data-settings=\"{&quot;background_background&quot;:&quot;classic&quot;}\">\n\t\t<div class=\"elementor-element elementor-element-8333e8b e-flex e-con-boxed e-con e-child\" data-id=\"8333e8b\" data-element_type=\"container\" data-e-type=\"container\">\n\t\t\t\t\t<div class=\"e-con-inner\">\n\t\t<div class=\"elementor-element elementor-element-84bd6bc e-con-full e-flex e-con e-child\" data-id=\"84bd6bc\" data-element_type=\"container\" data-e-type=\"container\">\n\t\t\t\t<div class=\"elementor-element elementor-element-a8fd8f9 elementor-widget elementor-widget-heading\" data-id=\"a8fd8f9\" data-element_type=\"widget\" data-e-type=\"widget\" data-widget_type=\"heading.default\">\n\t\t\t\t<div class=\"elementor-widget-container\">\n\t\t\t\t\t<h2 class=\"elementor-heading-title elementor-size-default\">Our Passion Is Guiding Hosts and Vacation Rental Owners to Success<\/h2>\t\t\t\t<\/div>\n\t\t\t\t<\/div>\n\t\t<div class=\"elementor-element elementor-element-3dc6b02 e-con-full e-grid e-con e-child\" data-id=\"3dc6b02\" data-element_type=\"container\" data-e-type=\"container\">\n\t\t\t\t<div class=\"elementor-element elementor-element-688549f elementor-widget elementor-widget-heading\" data-id=\"688549f\" data-element_type=\"widget\" data-e-type=\"widget\" data-widget_type=\"heading.default\">\n\t\t\t\t<div class=\"elementor-widget-container\">\n\t\t\t\t\t<h3 class=\"elementor-heading-title elementor-size-default\">We Love What We Do<\/h3>\t\t\t\t<\/div>\n\t\t\t\t<\/div>\n\t\t\t\t<div class=\"elementor-element elementor-element-5d579c1 elementor-widget elementor-widget-heading\" data-id=\"5d579c1\" data-element_type=\"widget\" data-e-type=\"widget\" data-widget_type=\"heading.default\">\n\t\t\t\t<div class=\"elementor-widget-container\">\n\t\t\t\t\t<p class=\"elementor-heading-title elementor-size-default\">We help hosts showcase their properties online and collaborate effectively with major booking platforms.\n\nOur goal is to increase your bookings, strengthen your online presence, and make your rental business more efficient. We work closely with you, take the time to address your concerns, and provide reliable support throughout.<\/p>\t\t\t\t<\/div>\n\t\t\t\t<\/div>\n\t\t\t\t<div class=\"elementor-element elementor-element-656f427 elementor-widget elementor-widget-heading\" data-id=\"656f427\" data-element_type=\"widget\" data-e-type=\"widget\" data-widget_type=\"heading.default\">\n\t\t\t\t<div class=\"elementor-widget-container\">\n\t\t\t\t\t<h3 class=\"elementor-heading-title elementor-size-default\">Why Work With Us?<\/h3>\t\t\t\t<\/div>\n\t\t\t\t<\/div>\n\t\t\t\t<div class=\"elementor-element elementor-element-85f5adc elementor-widget elementor-widget-heading\" data-id=\"85f5adc\" data-element_type=\"widget\" data-e-type=\"widget\" data-widget_type=\"heading.default\">\n\t\t\t\t<div class=\"elementor-widget-container\">\n\t\t\t\t\t<p class=\"elementor-heading-title elementor-size-default\">Our clients value our expertise and practical tips that make a real difference.\n\nWe understand the challenges hosts face and know what's crucial for success. Instead of generic advice, we provide you with clear, actionable recommendations tailored to your property. We'll analyze your offerings, identify untapped potential, and help you secure more bookings.<\/p>\t\t\t\t<\/div>\n\t\t\t\t<\/div>\n\t\t\t\t<\/div>\n\t\t\t\t<\/div>\n\t\t\t\t\t<\/div>\n\t\t\t\t<\/div>\n\t\t\t\t<\/div>\n\t\t<div class=\"elementor-element elementor-element-63c25ae e-flex e-con-boxed e-con e-parent\" data-id=\"63c25ae\" data-element_type=\"container\" data-e-type=\"container\">\n\t\t\t\t\t<div class=\"e-con-inner\">\n\t\t<div class=\"elementor-element elementor-element-056d4a6 e-con-full e-flex e-con e-child\" data-id=\"056d4a6\" data-element_type=\"container\" data-e-type=\"container\">\n\t\t\t\t<div class=\"elementor-element elementor-element-0fc69be elementor-widget elementor-widget-text-editor\" data-id=\"0fc69be\" data-element_type=\"widget\" data-e-type=\"widget\" data-widget_type=\"text-editor.default\">\n\t\t\t\t<div class=\"elementor-widget-container\">\n\t\t\t\t\t\t\t\t\t<p><em>With over 10 years of experience in the hospitality industry, both domestically and internationally, and 5 years as an Account Manager at Booking.com, I've gained a deep understanding of what drives success in this field. Armed with a Bachelor's degree in Marketing, I am adept at enhancing visibility and increasing bookings for short term rental businesses.<\/em><\/p>\t\t\t\t\t\t\t\t<\/div>\n\t\t\t\t<\/div>\n\t\t\t\t<div class=\"elementor-element elementor-element-4f507e8 elementor-widget elementor-widget-image\" data-id=\"4f507e8\" data-element_type=\"widget\" data-e-type=\"widget\" data-widget_type=\"image.default\">\n\t\t\t\t<div class=\"elementor-widget-container\">\n\t\t\t\t\t\t\t\t\t\t\t\t\t\t\t<img alt=\"\" loading=\"lazy\" decoding=\"async\" width=\"640\" height=\"585\" src=\"https:\/\/marketingforhosts.com\/wp-content\/uploads\/johannaschinagl-Kopie-1024x936.webp\" class=\"attachment-large size-large wp-image-2883\" srcset=\"https:\/\/marketingforhosts.com\/wp-content\/uploads\/johannaschinagl-Kopie-1024x936.webp 1024w, https:\/\/marketingforhosts.com\/wp-content\/uploads\/johannaschinagl-Kopie-300x274.webp 300w, https:\/\/marketingforhosts.com\/wp-content\/uploads\/johannaschinagl-Kopie-768x702.webp 768w, https:\/\/marketingforhosts.com\/wp-content\/uploads\/johannaschinagl-Kopie-13x12.webp 13w, https:\/\/marketingforhosts.com\/wp-content\/uploads\/johannaschinagl-Kopie.webp 1154w\" sizes=\"auto, (max-width: 640px) 100vw, 640px\" \/>\t\t\t\t\t\t\t\t\t\t\t\t\t\t\t<\/div>\n\t\t\t\t<\/div>\n\t\t\t\t<div class=\"elementor-element elementor-element-feaf7d6 elementor-widget elementor-widget-text-editor\" data-id=\"feaf7d6\" data-element_type=\"widget\" data-e-type=\"widget\" data-widget_type=\"text-editor.default\">\n\t\t\t\t<div class=\"elementor-widget-container\">\n\t\t\t\t\t\t\t\t\t<p><em>Johanna Schinagl<\/em><\/p>\t\t\t\t\t\t\t\t<\/div>\n\t\t\t\t<\/div>\n\t\t\t\t<\/div>\n\t\t\t\t\t<\/div>\n\t\t\t\t<\/div>\n\t\t\t\t<\/div>","protected":false},"excerpt":{"rendered":"<p>\u00dcber Uns Jahre in der Hotelindustrie 0 + Mit \u00fcber 15 Jahren Erfahrung in der Hotellerie, bei Booking.com &amp; im Digital Marketing wissen wir, was Gastgeber wirklich brauchen. Erfolgreiche Projekte 0 + Von Webseiten bis zur Optimierung von Buchungsplattformen \u2013 wir helfen Vermietern, mehr Buchungen zu erzielen. Gastgeber, die uns vertrauen 0 + Vermieter vertrauen [&hellip;]<\/p>\n","protected":false},"author":1,"featured_media":0,"parent":0,"menu_order":0,"comment_status":"closed","ping_status":"closed","template":"elementor_header_footer","meta":{"_acf_changed":false,"_seopress_robots_primary_cat":"","_seopress_titles_title":"\u00dcber Uns - Marketing For Hosts","_seopress_titles_desc":"Wir helfen Gastgebern, ihre Unterk\u00fcnfte online optimal zu pr\u00e4sentieren \u2013 mit professionellen Webseiten, Marketing & Strategien f\u00fcr mehr Buchungen.","_seopress_robots_index":"","nf_dc_page":"","footnotes":""},"class_list":["post-1640","page","type-page","status-publish","hentry"],"acf":[],"_links":{"self":[{"href":"https:\/\/marketingforhosts.com\/en\/wp-json\/wp\/v2\/pages\/1640","targetHints":{"allow":["GET"]}}],"collection":[{"href":"https:\/\/marketingforhosts.com\/en\/wp-json\/wp\/v2\/pages"}],"about":[{"href":"https:\/\/marketingforhosts.com\/en\/wp-json\/wp\/v2\/types\/page"}],"author":[{"embeddable":true,"href":"https:\/\/marketingforhosts.com\/en\/wp-json\/wp\/v2\/users\/1"}],"replies":[{"embeddable":true,"href":"https:\/\/marketingforhosts.com\/en\/wp-json\/wp\/v2\/comments?post=1640"}],"version-history":[{"count":20,"href":"https:\/\/marketingforhosts.com\/en\/wp-json\/wp\/v2\/pages\/1640\/revisions"}],"predecessor-version":[{"id":2916,"href":"https:\/\/marketingforhosts.com\/en\/wp-json\/wp\/v2\/pages\/1640\/revisions\/2916"}],"wp:attachment":[{"href":"https:\/\/marketingforhosts.com\/en\/wp-json\/wp\/v2\/media?parent=1640"}],"curies":[{"name":"wp","href":"https:\/\/api.w.org\/{rel}","templated":true}]}}