{"id":1716,"date":"2024-03-01T05:07:58","date_gmt":"2024-03-01T05:07:58","guid":{"rendered":"https:\/\/frisk.themegenix.com\/?page_id=1716"},"modified":"2025-03-13T19:39:48","modified_gmt":"2025-03-13T18:39:48","slug":"faq","status":"publish","type":"page","link":"https:\/\/marketingforhosts.com\/de\/faq\/","title":{"rendered":"FAQ"},"content":{"rendered":"\t\t<div data-elementor-type=\"wp-page\" data-elementor-id=\"1716\" class=\"elementor elementor-1716\" data-elementor-post-type=\"page\">\n\t\t\t\t<div class=\"elementor-element elementor-element-636f144 e-flex e-con-boxed e-con e-parent\" data-id=\"636f144\" data-element_type=\"container\" data-e-type=\"container\">\n\t\t\t\t\t<div class=\"e-con-inner\">\n\t\t\t\t<div class=\"elementor-element elementor-element-5da4b8c elementor-widget elementor-widget-heading\" data-id=\"5da4b8c\" data-element_type=\"widget\" data-e-type=\"widget\" data-widget_type=\"heading.default\">\n\t\t\t\t<div class=\"elementor-widget-container\">\n\t\t\t\t\t<h1 class=\"elementor-heading-title elementor-size-default\">H\u00e4ufig gestellte Fragen (FAQ)<\/h1>\t\t\t\t<\/div>\n\t\t\t\t<\/div>\n\t\t\t\t<div class=\"elementor-element elementor-element-5c9ea9a elementor-widget elementor-widget-text-editor\" data-id=\"5c9ea9a\" data-element_type=\"widget\" data-e-type=\"widget\" data-widget_type=\"text-editor.default\">\n\t\t\t\t<div class=\"elementor-widget-container\">\n\t\t\t\t\t\t\t\t\t<p>Hier findest du die Antworten auf h\u00e4ufig gestellte Fragen rund um unsere Dienstleistungen. Falls noch etwas unklar ist, schreib uns gerne!<\/p>\t\t\t\t\t\t\t\t<\/div>\n\t\t\t\t<\/div>\n\t\t\t\t<div class=\"elementor-element elementor-element-e7674f4 elementor-widget elementor-widget-genix-faq\" data-id=\"e7674f4\" data-element_type=\"widget\" data-e-type=\"widget\" data-widget_type=\"genix-faq.default\">\n\t\t\t\t<div class=\"elementor-widget-container\">\n\t\t\t\t\t\r\n        \r\n            <div class=\"accordion-area accordion\" id=\"faqAccordion-e7674f4\">\r\n                                    <div class=\"accordion-card style2\">\r\n                        <div class=\"accordion-header\" id=\"faqOne-0\">\r\n                            <button class=\"accordion-button \" type=\"button\" data-bs-toggle=\"collapse\" data-bs-target=\"#collapseOne-0\" aria-expanded=\"true\" aria-controls=\"collapseOne-0\">Was macht MarketingForHosts.com genau?<\/button>\r\n                        <\/div>\r\n                        <div id=\"collapseOne-0\" class=\"accordion-collapse collapse show\" aria-labelledby=\"faqOne-0\" data-bs-parent=\"#faqAccordion-e7674f4\">\r\n                            <div class=\"accordion-body\">\r\n                                <p class=\"faq-text\">Wir helfen Gastgebern, online besser sichtbar zu werden und mehr Buchungen zu bekommen. Mit einer klaren Strategie, einer optimierten Website, gut eingestellten Buchungsplattformen und smarten Automatisierungen sparst du Zeit und wirst unabh\u00e4ngiger.<\/p>\r\n                            <\/div>\r\n                        <\/div>\r\n                    <\/div>\r\n                                    <div class=\"accordion-card style2\">\r\n                        <div class=\"accordion-header\" id=\"faqOne-1\">\r\n                            <button class=\"accordion-button collapsed\" type=\"button\" data-bs-toggle=\"collapse\" data-bs-target=\"#collapseOne-1\" aria-expanded=\"true\" aria-controls=\"collapseOne-1\">F\u00fcr wen sind eure Dienstleistungen geeignet?<\/button>\r\n                        <\/div>\r\n                        <div id=\"collapseOne-1\" class=\"accordion-collapse collapse \" aria-labelledby=\"faqOne-1\" data-bs-parent=\"#faqAccordion-e7674f4\">\r\n                            <div class=\"accordion-body\">\r\n                                <p class=\"faq-text\">Unsere Services sind f\u00fcr Pensionen, G\u00e4steh\u00e4user, Ferienwohnungen und kleine Hotels, die online besser sichtbar werden m\u00f6chten. Egal ob dir die Zeit fehlt, du wenig Erfahrung hast oder deine Abl\u00e4ufe optimieren m\u00f6chtest \u2013 wir unterst\u00fctzen dich dabei.<\/p>\r\n                            <\/div>\r\n                        <\/div>\r\n                    <\/div>\r\n                                    <div class=\"accordion-card style2\">\r\n                        <div class=\"accordion-header\" id=\"faqOne-2\">\r\n                            <button class=\"accordion-button collapsed\" type=\"button\" data-bs-toggle=\"collapse\" data-bs-target=\"#collapseOne-2\" aria-expanded=\"true\" aria-controls=\"collapseOne-2\">Was unterscheidet euch von einer klassischen Marketing-Agentur?<\/button>\r\n                        <\/div>\r\n                        <div id=\"collapseOne-2\" class=\"accordion-collapse collapse \" aria-labelledby=\"faqOne-2\" data-bs-parent=\"#faqAccordion-e7674f4\">\r\n                            <div class=\"accordion-body\">\r\n                                <p class=\"faq-text\">Wir sind auf Gastgeber spezialisiert und bieten ma\u00dfgeschneiderte L\u00f6sungen zu einem Bruchteil der Kosten, die gro\u00dfe Agenturen verlangen. Statt generischer Strategien bekommst du praktische, branchenspezifische L\u00f6sungen, die wirklich funktionieren. Von einer professionellen Webseite \u00fcber optimierte Buchungsplattformen bis hin zur Automatisierung deiner Abl\u00e4ufe.<\/p>\r\n                            <\/div>\r\n                        <\/div>\r\n                    <\/div>\r\n                                    <div class=\"accordion-card style2\">\r\n                        <div class=\"accordion-header\" id=\"faqOne-3\">\r\n                            <button class=\"accordion-button collapsed\" type=\"button\" data-bs-toggle=\"collapse\" data-bs-target=\"#collapseOne-3\" aria-expanded=\"true\" aria-controls=\"collapseOne-3\">Wie viel kostet eure Unterst\u00fctzung?<\/button>\r\n                        <\/div>\r\n                        <div id=\"collapseOne-3\" class=\"accordion-collapse collapse \" aria-labelledby=\"faqOne-3\" data-bs-parent=\"#faqAccordion-e7674f4\">\r\n                            <div class=\"accordion-body\">\r\n                                <p class=\"faq-text\">Wir bieten faire und transparente Preise, angepasst an deine Bed\u00fcrfnisse. Im kostenlosen Erstgespr\u00e4ch kl\u00e4ren wir deine Anforderungen und erstellen anschlie\u00dfend ein individuelles Angebot.<\/p>\r\n                            <\/div>\r\n                        <\/div>\r\n                    <\/div>\r\n                                    <div class=\"accordion-card style2\">\r\n                        <div class=\"accordion-header\" id=\"faqOne-4\">\r\n                            <button class=\"accordion-button collapsed\" type=\"button\" data-bs-toggle=\"collapse\" data-bs-target=\"#collapseOne-4\" aria-expanded=\"true\" aria-controls=\"collapseOne-4\">Warum brauche ich eine eigene Webseite, wenn ich auf Booking.com &amp; Airbnb bin?<\/button>\r\n                        <\/div>\r\n                        <div id=\"collapseOne-4\" class=\"accordion-collapse collapse \" aria-labelledby=\"faqOne-4\" data-bs-parent=\"#faqAccordion-e7674f4\">\r\n                            <div class=\"accordion-body\">\r\n                                <p class=\"faq-text\">Eine eigene Webseite gibt dir mehr Kontrolle und dient als Aush\u00e4ngeschild f\u00fcr deine Unterkunft. Du bist unabh\u00e4ngiger von den Regeln und \u00c4nderungen der Buchungsplattformen und kannst Stammg\u00e4ste direkt ansprechen.<\/p>\r\n                            <\/div>\r\n                        <\/div>\r\n                    <\/div>\r\n                                    <div class=\"accordion-card style2\">\r\n                        <div class=\"accordion-header\" id=\"faqOne-5\">\r\n                            <button class=\"accordion-button collapsed\" type=\"button\" data-bs-toggle=\"collapse\" data-bs-target=\"#collapseOne-5\" aria-expanded=\"true\" aria-controls=\"collapseOne-5\">Kann ich meine Webseite nach der Erstellung selbst bearbeiten?<\/button>\r\n                        <\/div>\r\n                        <div id=\"collapseOne-5\" class=\"accordion-collapse collapse \" aria-labelledby=\"faqOne-5\" data-bs-parent=\"#faqAccordion-e7674f4\">\r\n                            <div class=\"accordion-body\">\r\n                                <p class=\"faq-text\">Ja, deine Webseite wird mit WordPress erstellt, sodass du sie nach der Erstellung selbst bearbeiten kannst. Du kannst Texte, Bilder und Inhalte anpassen \u2013 ganz ohne Programmierkenntnisse. Im Gegensatz zu vielen Baukastensystemen (wie z.B. Wix) geh\u00f6rt die Webseite dabei komplett dir. Falls du Unterst\u00fctzung ben\u00f6tigst, bieten wir auf Wunsch eine Einf\u00fchrung oder laufenden Support an.<\/p>\r\n                            <\/div>\r\n                        <\/div>\r\n                    <\/div>\r\n                                    <div class=\"accordion-card style2\">\r\n                        <div class=\"accordion-header\" id=\"faqOne-6\">\r\n                            <button class=\"accordion-button collapsed\" type=\"button\" data-bs-toggle=\"collapse\" data-bs-target=\"#collapseOne-6\" aria-expanded=\"true\" aria-controls=\"collapseOne-6\">Was ist SEO und warum ist es f\u00fcr meine Unterkunft wichtig?<\/button>\r\n                        <\/div>\r\n                        <div id=\"collapseOne-6\" class=\"accordion-collapse collapse \" aria-labelledby=\"faqOne-6\" data-bs-parent=\"#faqAccordion-e7674f4\">\r\n                            <div class=\"accordion-body\">\r\n                                <p class=\"faq-text\">SEO (Suchmaschinen-Optimierung) sorgt daf\u00fcr, dass deine Unterkunft bei Google weiter oben erscheint, wenn potenzielle G\u00e4ste nach einer passenden \u00dcbernachtungsm\u00f6glichkeit suchen. Ohne Suchmaschinenoptimierung kann es passieren, dass deine Webseite kaum sichtbar ist und Interessenten stattdessen auf Buchungsportale oder Mitbewerber ausweichen. <\/p>\r\n                            <\/div>\r\n                        <\/div>\r\n                    <\/div>\r\n                                    <div class=\"accordion-card style2\">\r\n                        <div class=\"accordion-header\" id=\"faqOne-7\">\r\n                            <button class=\"accordion-button collapsed\" type=\"button\" data-bs-toggle=\"collapse\" data-bs-target=\"#collapseOne-7\" aria-expanded=\"true\" aria-controls=\"collapseOne-7\">Wie verbessert ihr mein Inserat auf Booking.com &amp; Airbnb?<\/button>\r\n                        <\/div>\r\n                        <div id=\"collapseOne-7\" class=\"accordion-collapse collapse \" aria-labelledby=\"faqOne-7\" data-bs-parent=\"#faqAccordion-e7674f4\">\r\n                            <div class=\"accordion-body\">\r\n                                <p class=\"faq-text\">Wir verbessern dein Inserat auf Booking.com, Airbnb &amp; Co, damit mehr G\u00e4ste es finden und buchen. Dazu geh\u00f6ren eine klare Beschreibung, gute Bilder, die richtige Zimmeraufteilung und eine passende Preisstrategie. Mit unserer Erfahrung \u2013 darunter 5 Jahre bei Booking.com \u2013 wissen wir, worauf es ankommt, um dein Ranking zu verbessern und mehr Buchungen zu erzielen.<\/p>\r\n                            <\/div>\r\n                        <\/div>\r\n                    <\/div>\r\n                                    <div class=\"accordion-card style2\">\r\n                        <div class=\"accordion-header\" id=\"faqOne-8\">\r\n                            <button class=\"accordion-button collapsed\" type=\"button\" data-bs-toggle=\"collapse\" data-bs-target=\"#collapseOne-8\" aria-expanded=\"true\" aria-controls=\"collapseOne-8\">Lohnt sich ein Channel Manager auch f\u00fcr kleinere Unterk\u00fcnfte?<\/button>\r\n                        <\/div>\r\n                        <div id=\"collapseOne-8\" class=\"accordion-collapse collapse \" aria-labelledby=\"faqOne-8\" data-bs-parent=\"#faqAccordion-e7674f4\">\r\n                            <div class=\"accordion-body\">\r\n                                <p class=\"faq-text\">Ja, ein Channel Manager lohnt sich auch f\u00fcr kleinere Unterk\u00fcnfte. Er spart Zeit, verhindert Doppelbuchungen und sorgt daf\u00fcr, dass Preise und Verf\u00fcgbarkeiten automatisch auf allen Plattformen synchronisiert werden. Besonders wenn du auf mehreren Buchungsportalen gelistet bist, reduziert ein Channel Manager den Verwaltungsaufwand erheblich und macht deine Abl\u00e4ufe effizienter.<\/p>\r\n                            <\/div>\r\n                        <\/div>\r\n                    <\/div>\r\n                                    <div class=\"accordion-card style2\">\r\n                        <div class=\"accordion-header\" id=\"faqOne-9\">\r\n                            <button class=\"accordion-button collapsed\" type=\"button\" data-bs-toggle=\"collapse\" data-bs-target=\"#collapseOne-9\" aria-expanded=\"true\" aria-controls=\"collapseOne-9\">K\u00fcmmert ihr euch um die komplette Einrichtung &amp; Schulung?<\/button>\r\n                        <\/div>\r\n                        <div id=\"collapseOne-9\" class=\"accordion-collapse collapse \" aria-labelledby=\"faqOne-9\" data-bs-parent=\"#faqAccordion-e7674f4\">\r\n                            <div class=\"accordion-body\">\r\n                                <p class=\"faq-text\">Wir \u00fcbernehmen die komplette Einrichtung deines Channel Managers und sorgen daf\u00fcr, dass alles reibungslos mit deinen Buchungsplattformen synchronisiert wird. Zus\u00e4tzlich bieten wir eine Schulung und auch laufenden Support, damit du das System problemlos selbst bedienen kannst und alle wichtigen Funktionen optimal nutzt.<\/p>\r\n                            <\/div>\r\n                        <\/div>\r\n                    <\/div>\r\n                            <\/div>\r\n\r\n        \t\t\t\t<\/div>\n\t\t\t\t<\/div>\n\t\t\t\t\t<\/div>\n\t\t\t\t<\/div>\n\t\t<div class=\"elementor-element elementor-element-e9c6b1c e-flex e-con-boxed e-con e-parent\" data-id=\"e9c6b1c\" data-element_type=\"container\" data-e-type=\"container\">\n\t\t\t\t\t<div class=\"e-con-inner\">\n\t\t<div class=\"elementor-element elementor-element-0f2bc5e e-con-full e-flex e-con e-child\" data-id=\"0f2bc5e\" data-element_type=\"container\" data-e-type=\"container\">\n\t\t<div class=\"elementor-element elementor-element-152ba7e e-con-full e-flex e-con e-child\" data-id=\"152ba7e\" data-element_type=\"container\" data-e-type=\"container\" data-settings=\"{&quot;background_background&quot;:&quot;classic&quot;}\">\n\t\t<div class=\"elementor-element elementor-element-be1f594 e-con-full e-flex e-con e-child\" data-id=\"be1f594\" data-element_type=\"container\" data-e-type=\"container\">\n\t\t\t\t<div class=\"elementor-element elementor-element-8797905 elementor-widget elementor-widget-heading\" data-id=\"8797905\" data-element_type=\"widget\" data-e-type=\"widget\" data-widget_type=\"heading.default\">\n\t\t\t\t<div class=\"elementor-widget-container\">\n\t\t\t\t\t<h2 class=\"elementor-heading-title elementor-size-default\">Kontaktiere uns per E-Mail<\/h2>\t\t\t\t<\/div>\n\t\t\t\t<\/div>\n\t\t\t\t<div class=\"elementor-element elementor-element-dd2a97c elementor-widget elementor-widget-heading\" data-id=\"dd2a97c\" data-element_type=\"widget\" data-e-type=\"widget\" data-widget_type=\"heading.default\">\n\t\t\t\t<div class=\"elementor-widget-container\">\n\t\t\t\t\t<p class=\"elementor-heading-title elementor-size-default\">Hast du eine Frage zu unserem Angebot oder m\u00f6chtest gleich loslegen? Schreib uns gerne per E-Mail.\n<\/p>\t\t\t\t<\/div>\n\t\t\t\t<\/div>\n\t\t\t\t<div class=\"elementor-element elementor-element-de28ff0 elementor-widget elementor-widget-tg-btn\" data-id=\"de28ff0\" data-element_type=\"widget\" data-e-type=\"widget\" data-widget_type=\"tg-btn.default\">\n\t\t\t\t<div class=\"elementor-widget-container\">\n\t\t\t\t\t\r\n\r\n        \r\n                            <a href=\"mailto:hello@marketingforhosts.com\" target=\"_blank\" rel=\"nofollow\" class=\"link-btn tg-btn\">\r\n                    <span class=\"link-effect\">\r\n                        <span class=\"effect-1\">E-Mail senden<\/span>\r\n                        <span class=\"effect-1\">E-Mail senden<\/span>\r\n                    <\/span>\r\n                    <svg width=\"13\" height=\"13\" viewBox=\"0 0 13 13\" fill=\"none\" xmlns=\"http:\/\/www.w3.org\/2000\/svg\">\r\n                        <path d=\"M2 11L11.2 1.8M12 11V1H2\" stroke=\"currentColor\" stroke-width=\"2\" stroke-linecap=\"square\" \/>\r\n                    <\/svg>\r\n                <\/a>\r\n            \r\n        \r\n\t\t\t\t<\/div>\n\t\t\t\t<\/div>\n\t\t\t\t<\/div>\n\t\t<div class=\"elementor-element elementor-element-746ffce e-con-full e-flex e-con e-child\" data-id=\"746ffce\" data-element_type=\"container\" data-e-type=\"container\">\n\t\t\t\t<div class=\"elementor-element elementor-element-14769f7 elementor-widget elementor-widget-image\" data-id=\"14769f7\" data-element_type=\"widget\" data-e-type=\"widget\" data-widget_type=\"image.default\">\n\t\t\t\t<div class=\"elementor-widget-container\">\n\t\t\t\t\t\t\t\t\t\t\t\t\t\t\t<img loading=\"lazy\" decoding=\"async\" loading=\"lazy\" width=\"40\" height=\"40\" src=\"https:\/\/marketingforhosts.com\/wp-content\/uploads\/2024\/03\/message.svg\" class=\"attachment-full size-full wp-image-1724\" alt=\"schwarzes Icon Nachricht\" \/>\t\t\t\t\t\t\t\t\t\t\t\t\t\t\t<\/div>\n\t\t\t\t<\/div>\n\t\t\t\t<\/div>\n\t\t\t\t<\/div>\n\t\t\t\t<\/div>\n\t\t<div class=\"elementor-element elementor-element-829e2a8 e-con-full e-flex e-con e-child\" data-id=\"829e2a8\" data-element_type=\"container\" data-e-type=\"container\">\n\t\t<div class=\"elementor-element elementor-element-825c6df e-con-full e-flex e-con e-child\" data-id=\"825c6df\" data-element_type=\"container\" data-e-type=\"container\" data-settings=\"{&quot;background_background&quot;:&quot;classic&quot;}\">\n\t\t<div class=\"elementor-element elementor-element-cec7d53 e-con-full e-flex e-con e-child\" data-id=\"cec7d53\" data-element_type=\"container\" data-e-type=\"container\">\n\t\t\t\t<div class=\"elementor-element elementor-element-cb80370 elementor-widget elementor-widget-heading\" data-id=\"cb80370\" data-element_type=\"widget\" data-e-type=\"widget\" data-widget_type=\"heading.default\">\n\t\t\t\t<div class=\"elementor-widget-container\">\n\t\t\t\t\t<h2 class=\"elementor-heading-title elementor-size-default\">Erstgespr\u00e4ch buchen<\/h2>\t\t\t\t<\/div>\n\t\t\t\t<\/div>\n\t\t\t\t<div class=\"elementor-element elementor-element-2e57965 elementor-widget elementor-widget-heading\" data-id=\"2e57965\" data-element_type=\"widget\" data-e-type=\"widget\" data-widget_type=\"heading.default\">\n\t\t\t\t<div class=\"elementor-widget-container\">\n\t\t\t\t\t<p class=\"elementor-heading-title elementor-size-default\">Finden wir heraus, ob und wie wir dir helfen k\u00f6nnen. In einem ersten kostenlosen und unverbindlichen Gespr\u00e4ch.<\/p>\t\t\t\t<\/div>\n\t\t\t\t<\/div>\n\t\t\t\t<div class=\"elementor-element elementor-element-f559902 elementor-widget elementor-widget-tg-btn\" data-id=\"f559902\" data-element_type=\"widget\" data-e-type=\"widget\" data-widget_type=\"tg-btn.default\">\n\t\t\t\t<div class=\"elementor-widget-container\">\n\t\t\t\t\t\r\n\r\n        \r\n                            <a href=\"https:\/\/calendly.com\/hello-marketingforhosts\/30min\" target=\"_blank\" rel=\"nofollow\" class=\"link-btn tg-btn\">\r\n                    <span class=\"link-effect\">\r\n                        <span class=\"effect-1\">Termin buchen<\/span>\r\n                        <span class=\"effect-1\">Termin buchen<\/span>\r\n                    <\/span>\r\n                    <svg width=\"13\" height=\"13\" viewBox=\"0 0 13 13\" fill=\"none\" xmlns=\"http:\/\/www.w3.org\/2000\/svg\">\r\n                        <path d=\"M2 11L11.2 1.8M12 11V1H2\" stroke=\"currentColor\" stroke-width=\"2\" stroke-linecap=\"square\" \/>\r\n                    <\/svg>\r\n                <\/a>\r\n            \r\n        \r\n\t\t\t\t<\/div>\n\t\t\t\t<\/div>\n\t\t\t\t<\/div>\n\t\t<div class=\"elementor-element elementor-element-23925ff e-con-full e-flex e-con e-child\" data-id=\"23925ff\" data-element_type=\"container\" data-e-type=\"container\">\n\t\t\t\t<div class=\"elementor-element elementor-element-079db7a elementor-widget elementor-widget-image\" data-id=\"079db7a\" data-element_type=\"widget\" data-e-type=\"widget\" data-widget_type=\"image.default\">\n\t\t\t\t<div class=\"elementor-widget-container\">\n\t\t\t\t\t\t\t\t\t\t\t\t\t\t\t<img alt=\"\" loading=\"lazy\" decoding=\"async\" loading=\"lazy\" width=\"40\" height=\"40\" src=\"https:\/\/marketingforhosts.com\/wp-content\/uploads\/2024\/02\/worldwide-1.svg\" class=\"attachment-full size-full wp-image-1075\" alt=\"\" \/>\t\t\t\t\t\t\t\t\t\t\t\t\t\t\t<\/div>\n\t\t\t\t<\/div>\n\t\t\t\t<\/div>\n\t\t\t\t<\/div>\n\t\t\t\t<\/div>\n\t\t<div class=\"elementor-element elementor-element-9fcd649 e-con-full e-flex e-con e-child\" data-id=\"9fcd649\" data-element_type=\"container\" data-e-type=\"container\">\n\t\t<div class=\"elementor-element elementor-element-93a3cc0 e-con-full e-flex e-con e-child\" data-id=\"93a3cc0\" data-element_type=\"container\" data-e-type=\"container\" data-settings=\"{&quot;background_background&quot;:&quot;classic&quot;}\">\n\t\t<div class=\"elementor-element elementor-element-a3653d5 e-con-full e-flex e-con e-child\" data-id=\"a3653d5\" data-element_type=\"container\" data-e-type=\"container\">\n\t\t\t\t<div class=\"elementor-element elementor-element-1272664 elementor-widget elementor-widget-heading\" data-id=\"1272664\" data-element_type=\"widget\" data-e-type=\"widget\" data-widget_type=\"heading.default\">\n\t\t\t\t<div class=\"elementor-widget-container\">\n\t\t\t\t\t<h2 class=\"elementor-heading-title elementor-size-default\">WhatsApp Nachricht<\/h2>\t\t\t\t<\/div>\n\t\t\t\t<\/div>\n\t\t\t\t<div class=\"elementor-element elementor-element-d75d76c elementor-widget elementor-widget-heading\" data-id=\"d75d76c\" data-element_type=\"widget\" data-e-type=\"widget\" data-widget_type=\"heading.default\">\n\t\t\t\t<div class=\"elementor-widget-container\">\n\t\t\t\t\t<p class=\"elementor-heading-title elementor-size-default\">Schick uns dein Anliegen direkt per WhatsApp und wir antworten dir innerhalb nur weniger Stunden.<\/p>\t\t\t\t<\/div>\n\t\t\t\t<\/div>\n\t\t\t\t<div class=\"elementor-element elementor-element-caf42c1 elementor-widget elementor-widget-tg-btn\" data-id=\"caf42c1\" data-element_type=\"widget\" data-e-type=\"widget\" data-widget_type=\"tg-btn.default\">\n\t\t\t\t<div class=\"elementor-widget-container\">\n\t\t\t\t\t\r\n\r\n        \r\n                            <a href=\"https:\/\/wa.me\/4367762855500\" target=\"_blank\" rel=\"nofollow\" class=\"link-btn tg-btn\">\r\n                    <span class=\"link-effect\">\r\n                        <span class=\"effect-1\">WhatsApp Chat<\/span>\r\n                        <span class=\"effect-1\">WhatsApp Chat<\/span>\r\n                    <\/span>\r\n                    <svg width=\"13\" height=\"13\" viewBox=\"0 0 13 13\" fill=\"none\" xmlns=\"http:\/\/www.w3.org\/2000\/svg\">\r\n                        <path d=\"M2 11L11.2 1.8M12 11V1H2\" stroke=\"currentColor\" stroke-width=\"2\" stroke-linecap=\"square\" \/>\r\n                    <\/svg>\r\n                <\/a>\r\n            \r\n        \r\n\t\t\t\t<\/div>\n\t\t\t\t<\/div>\n\t\t\t\t<\/div>\n\t\t<div class=\"elementor-element elementor-element-d609379 e-con-full e-flex e-con e-child\" data-id=\"d609379\" data-element_type=\"container\" data-e-type=\"container\">\n\t\t\t\t<div class=\"elementor-element elementor-element-3084fe5 elementor-widget elementor-widget-image\" data-id=\"3084fe5\" data-element_type=\"widget\" data-e-type=\"widget\" data-widget_type=\"image.default\">\n\t\t\t\t<div class=\"elementor-widget-container\">\n\t\t\t\t\t\t\t\t\t\t\t\t\t\t\t<img loading=\"lazy\" decoding=\"async\" loading=\"lazy\" width=\"40\" height=\"40\" src=\"https:\/\/marketingforhosts.com\/wp-content\/uploads\/2024\/03\/phone.svg\" class=\"attachment-full size-full wp-image-1725\" alt=\"schwarzes Icon Telefon\" \/>\t\t\t\t\t\t\t\t\t\t\t\t\t\t\t<\/div>\n\t\t\t\t<\/div>\n\t\t\t\t<\/div>\n\t\t\t\t<\/div>\n\t\t\t\t<\/div>\n\t\t\t\t\t<\/div>\n\t\t\t\t<\/div>\n\t\t\t\t<\/div>\n\t\t","protected":false},"excerpt":{"rendered":"<p>H\u00e4ufig gestellte Fragen (FAQ) Hier findest du die Antworten auf h\u00e4ufig gestellte Fragen rund um unsere Dienstleistungen. Falls noch etwas unklar ist, schreib uns gerne! Was macht MarketingForHosts.com genau? Wir helfen Gastgebern, online besser sichtbar zu werden und mehr Buchungen zu bekommen. Mit einer klaren Strategie, einer optimierten Website, gut eingestellten Buchungsplattformen und smarten Automatisierungen [&hellip;]<\/p>\n","protected":false},"author":1,"featured_media":0,"parent":0,"menu_order":0,"comment_status":"closed","ping_status":"closed","template":"","meta":{"_acf_changed":false,"_seopress_robots_primary_cat":"","_seopress_titles_title":"FAQ \u2013 Fragen zu unserem Angebot","_seopress_titles_desc":"Hier findest du Antworten auf h\u00e4ufige Fragen zu unseren Dienstleistungen: Webseiten, SEO, Buchungsplattformen & mehr. Kontaktiere uns gerne!","_seopress_robots_index":"","nf_dc_page":"","footnotes":""},"class_list":["post-1716","page","type-page","status-publish","hentry"],"acf":[],"_links":{"self":[{"href":"https:\/\/marketingforhosts.com\/de\/wp-json\/wp\/v2\/pages\/1716","targetHints":{"allow":["GET"]}}],"collection":[{"href":"https:\/\/marketingforhosts.com\/de\/wp-json\/wp\/v2\/pages"}],"about":[{"href":"https:\/\/marketingforhosts.com\/de\/wp-json\/wp\/v2\/types\/page"}],"author":[{"embeddable":true,"href":"https:\/\/marketingforhosts.com\/de\/wp-json\/wp\/v2\/users\/1"}],"replies":[{"embeddable":true,"href":"https:\/\/marketingforhosts.com\/de\/wp-json\/wp\/v2\/comments?post=1716"}],"version-history":[{"count":20,"href":"https:\/\/marketingforhosts.com\/de\/wp-json\/wp\/v2\/pages\/1716\/revisions"}],"predecessor-version":[{"id":2952,"href":"https:\/\/marketingforhosts.com\/de\/wp-json\/wp\/v2\/pages\/1716\/revisions\/2952"}],"wp:attachment":[{"href":"https:\/\/marketingforhosts.com\/de\/wp-json\/wp\/v2\/media?parent=1716"}],"curies":[{"name":"wp","href":"https:\/\/api.w.org\/{rel}","templated":true}]}}