{"id":1669,"date":"2024-02-29T14:10:28","date_gmt":"2024-02-29T14:10:28","guid":{"rendered":"https:\/\/frisk.themegenix.com\/?page_id=1669"},"modified":"2025-03-17T13:16:28","modified_gmt":"2025-03-17T12:16:28","slug":"dienstleistungen","status":"publish","type":"page","link":"https:\/\/marketingforhosts.com\/de\/dienstleistungen\/","title":{"rendered":"Angebot"},"content":{"rendered":"\t\t<div data-elementor-type=\"wp-page\" data-elementor-id=\"1669\" class=\"elementor elementor-1669\" data-elementor-post-type=\"page\">\n\t\t\t\t<div class=\"elementor-element elementor-element-32100b5 e-flex e-con-boxed e-con e-parent\" data-id=\"32100b5\" data-element_type=\"container\" data-e-type=\"container\">\n\t\t\t\t\t<div class=\"e-con-inner\">\n\t\t\t\t<div class=\"elementor-element elementor-element-be0e7da elementor-widget elementor-widget-heading\" data-id=\"be0e7da\" data-element_type=\"widget\" data-e-type=\"widget\" data-widget_type=\"heading.default\">\n\t\t\t\t<div class=\"elementor-widget-container\">\n\t\t\t\t\t<h1 class=\"elementor-heading-title elementor-size-default\">Unsere Services f\u00fcr mehr Buchungen und weniger Aufwand<\/h1>\t\t\t\t<\/div>\n\t\t\t\t<\/div>\n\t\t\t\t<div class=\"elementor-element elementor-element-1c7ada2 elementor-widget elementor-widget-text-editor\" data-id=\"1c7ada2\" data-element_type=\"widget\" data-e-type=\"widget\" data-widget_type=\"text-editor.default\">\n\t\t\t\t<div class=\"elementor-widget-container\">\n\t\t\t\t\t\t\t\t\t<p>Unsere Dienstleistungen sind speziell f\u00fcr kleine Gastgeber entwickelt und helfen dir, deine Vermietung effizient und erfolgreich zu f\u00fchren. So kannst du dich auf das konzentrieren, was wirklich z\u00e4hlt: deine G\u00e4ste.<\/p>\t\t\t\t\t\t\t\t<\/div>\n\t\t\t\t<\/div>\n\t\t\t\t\t<\/div>\n\t\t\t\t<\/div>\n\t\t<div class=\"elementor-element elementor-element-2e15ab5 e-flex e-con-boxed e-con e-parent\" data-id=\"2e15ab5\" data-element_type=\"container\" data-e-type=\"container\">\n\t\t\t\t\t<div class=\"e-con-inner\">\n\t\t\t\t<div class=\"elementor-element elementor-element-fc86a06 elementor-widget elementor-widget-tg-servicesBox\" data-id=\"fc86a06\" data-element_type=\"widget\" data-e-type=\"widget\" data-widget_type=\"tg-servicesBox.default\">\n\t\t\t\t<div class=\"elementor-widget-container\">\n\t\t\t\t\t\r\n        \r\n            <div class=\"row gy-4 align-items-center justify-content-center\">\r\n                \r\n                                            <div class=\"col-xxl-6 col-xl-6\">\r\n                            <div class=\"feature-card style-grid\">\r\n                                                                                                            <div class=\"feature-card-icon\">\r\n                                            <img decoding=\"async\" loading=\"lazy\" src=\"https:\/\/frisk.themegenix.com\/wp-content\/uploads\/2024\/02\/feature-icon2.svg\" alt=\"icon\">\r\n                                        <\/div>\r\n                                                                                                    <div class=\"feature-card-details\">\r\n                                    <h4 class=\"feature-card-title tg-title\">\r\n                                        <a href=\"https:\/\/marketingforhosts.com\/de\/services\/webseite-seo\/\">Webseite &#038; Suchmaschinen<\/a>\r\n                                    <\/h4>\r\n                                                                            <p class=\"feature-card-text\">Professionelle Website &amp; Suchmaschinenoptimierung (SEO), damit deine Unterkunft online \u00fcberzeugt und gefunden wird.<\/p>\r\n                                                                        <a href=\"https:\/\/marketingforhosts.com\/de\/services\/webseite-seo\/\" class=\"link-btn tg-btn\">\r\n                                        <span class=\"link-effect\">\r\n                                            <span class=\"effect-1\">Mehr erfahren<\/span>\r\n                                            <span class=\"effect-1\">Mehr erfahren<\/span>\r\n                                        <\/span>\r\n                                        <svg width=\"13\" height=\"13\" viewBox=\"0 0 13 13\" fill=\"none\" xmlns=\"http:\/\/www.w3.org\/2000\/svg\">\r\n                                            <path d=\"M2 11L11.2 1.8M12 11V1H2\" stroke=\"currentColor\" stroke-width=\"2\" stroke-linecap=\"square\" \/>\r\n                                        <\/svg>\r\n                                    <\/a>\r\n                                <\/div>\r\n                            <\/div>\r\n                        <\/div>\r\n                    \r\n                \r\n                                            <div class=\"col-xxl-6 col-xl-6\">\r\n                            <div class=\"feature-card style-grid\">\r\n                                                                                                            <div class=\"feature-card-icon\">\r\n                                            <img decoding=\"async\" loading=\"lazy\" src=\"https:\/\/frisk.themegenix.com\/wp-content\/uploads\/2024\/02\/feature-icon6.svg\" alt=\"icon\">\r\n                                        <\/div>\r\n                                                                                                    <div class=\"feature-card-details\">\r\n                                    <h4 class=\"feature-card-title tg-title\">\r\n                                        <a href=\"https:\/\/marketingforhosts.com\/de\/services\/strategie\/\">Marketingstrategie &#038; Beratung<\/a>\r\n                                    <\/h4>\r\n                                                                            <p class=\"feature-card-text\">Wir analysieren und erstellen einen klaren Plan f\u00fcr deinen Erfolg, damit deine Unterkunft sichtbar bleibt und konkurrenzf\u00e4hig ist.<\/p>\r\n                                                                        <a href=\"https:\/\/marketingforhosts.com\/de\/services\/strategie\/\" class=\"link-btn tg-btn\">\r\n                                        <span class=\"link-effect\">\r\n                                            <span class=\"effect-1\">Mehr erfahren<\/span>\r\n                                            <span class=\"effect-1\">Mehr erfahren<\/span>\r\n                                        <\/span>\r\n                                        <svg width=\"13\" height=\"13\" viewBox=\"0 0 13 13\" fill=\"none\" xmlns=\"http:\/\/www.w3.org\/2000\/svg\">\r\n                                            <path d=\"M2 11L11.2 1.8M12 11V1H2\" stroke=\"currentColor\" stroke-width=\"2\" stroke-linecap=\"square\" \/>\r\n                                        <\/svg>\r\n                                    <\/a>\r\n                                <\/div>\r\n                            <\/div>\r\n                        <\/div>\r\n                    \r\n                \r\n                                            <div class=\"col-xxl-6 col-xl-6\">\r\n                            <div class=\"feature-card style-grid\">\r\n                                                                                                            <div class=\"feature-card-icon\">\r\n                                            <img decoding=\"async\" loading=\"lazy\" src=\"https:\/\/frisk.themegenix.com\/wp-content\/uploads\/2024\/02\/feature-icon5.svg\" alt=\"icon\">\r\n                                        <\/div>\r\n                                                                                                    <div class=\"feature-card-details\">\r\n                                    <h4 class=\"feature-card-title tg-title\">\r\n                                        <a href=\"https:\/\/marketingforhosts.com\/de\/services\/ota-optimierung\/\">Buchungsplattform Optimierung<\/a>\r\n                                    <\/h4>\r\n                                                                            <p class=\"feature-card-text\">Bessere Platzierung, mehr Sichtbarkeit und h\u00f6here Buchungsrate \u2013 wir holen das Beste aus deinem Profil auf Booking.com, Airbnb &amp; Co.<\/p>\r\n                                                                        <a href=\"https:\/\/marketingforhosts.com\/de\/services\/ota-optimierung\/\" class=\"link-btn tg-btn\">\r\n                                        <span class=\"link-effect\">\r\n                                            <span class=\"effect-1\">Mehr erfahren<\/span>\r\n                                            <span class=\"effect-1\">Mehr erfahren<\/span>\r\n                                        <\/span>\r\n                                        <svg width=\"13\" height=\"13\" viewBox=\"0 0 13 13\" fill=\"none\" xmlns=\"http:\/\/www.w3.org\/2000\/svg\">\r\n                                            <path d=\"M2 11L11.2 1.8M12 11V1H2\" stroke=\"currentColor\" stroke-width=\"2\" stroke-linecap=\"square\" \/>\r\n                                        <\/svg>\r\n                                    <\/a>\r\n                                <\/div>\r\n                            <\/div>\r\n                        <\/div>\r\n                    \r\n                \r\n                                            <div class=\"col-xxl-6 col-xl-6\">\r\n                            <div class=\"feature-card style-grid\">\r\n                                                                                                            <div class=\"feature-card-icon\">\r\n                                            <img decoding=\"async\" loading=\"lazy\" src=\"https:\/\/frisk.themegenix.com\/wp-content\/uploads\/2024\/02\/feature-icon3.svg\" alt=\"icon\">\r\n                                        <\/div>\r\n                                                                                                    <div class=\"feature-card-details\">\r\n                                    <h4 class=\"feature-card-title tg-title\">\r\n                                        <a href=\"https:\/\/marketingforhosts.com\/de\/services\/automatisierung\/\">Channel Manager &#038; Automatisierung<\/a>\r\n                                    <\/h4>\r\n                                                                            <p class=\"feature-card-text\">Doppelbuchungen vermeiden, Zeit sparen und Abl\u00e4ufe optimieren \u2013 mit der richtigen Software f\u00fcr eine stressfreie und erfolgreiche Vermietung.<\/p>\r\n                                                                        <a href=\"https:\/\/marketingforhosts.com\/de\/services\/automatisierung\/\" class=\"link-btn tg-btn\">\r\n                                        <span class=\"link-effect\">\r\n                                            <span class=\"effect-1\">Mehr erfahren<\/span>\r\n                                            <span class=\"effect-1\">Mehr erfahren<\/span>\r\n                                        <\/span>\r\n                                        <svg width=\"13\" height=\"13\" viewBox=\"0 0 13 13\" fill=\"none\" xmlns=\"http:\/\/www.w3.org\/2000\/svg\">\r\n                                            <path d=\"M2 11L11.2 1.8M12 11V1H2\" stroke=\"currentColor\" stroke-width=\"2\" stroke-linecap=\"square\" \/>\r\n                                        <\/svg>\r\n                                    <\/a>\r\n                                <\/div>\r\n                            <\/div>\r\n                        <\/div>\r\n                    \r\n                            <\/div>\r\n\r\n        \r\n\t\t\t\t<\/div>\n\t\t\t\t<\/div>\n\t\t\t\t\t<\/div>\n\t\t\t\t<\/div>\n\t\t<div class=\"elementor-element elementor-element-50c3eea e-con-full e-flex e-con e-parent\" data-id=\"50c3eea\" data-element_type=\"container\" data-e-type=\"container\" data-settings=\"{&quot;background_background&quot;:&quot;classic&quot;}\">\n\t\t<div class=\"elementor-element elementor-element-9c6adaa e-flex e-con-boxed e-con e-child\" data-id=\"9c6adaa\" data-element_type=\"container\" data-e-type=\"container\" data-settings=\"{&quot;background_background&quot;:&quot;classic&quot;}\">\n\t\t\t\t\t<div class=\"e-con-inner\">\n\t\t<div class=\"elementor-element elementor-element-751364c e-con-full e-flex e-con e-child\" data-id=\"751364c\" data-element_type=\"container\" data-e-type=\"container\">\n\t\t\t\t<div class=\"elementor-element elementor-element-3d83664 elementor-widget elementor-widget-heading\" data-id=\"3d83664\" data-element_type=\"widget\" data-e-type=\"widget\" data-widget_type=\"heading.default\">\n\t\t\t\t<div class=\"elementor-widget-container\">\n\t\t\t\t\t<h2 class=\"elementor-heading-title elementor-size-default\">Bereit f\u00fcr mehr G\u00e4ste?<\/h2>\t\t\t\t<\/div>\n\t\t\t\t<\/div>\n\t\t\t\t<div class=\"elementor-element elementor-element-ca25a2a elementor-widget elementor-widget-heading\" data-id=\"ca25a2a\" data-element_type=\"widget\" data-e-type=\"widget\" data-widget_type=\"heading.default\">\n\t\t\t\t<div class=\"elementor-widget-container\">\n\t\t\t\t\t<p class=\"elementor-heading-title elementor-size-default\">Perfekt! Wir sind gespannt auf dein Projekt \u2013 lass uns starten!<\/p>\t\t\t\t<\/div>\n\t\t\t\t<\/div>\n\t\t\t\t<div class=\"elementor-element elementor-element-6cbb3d9 elementor-widget elementor-widget-shortcode\" data-id=\"6cbb3d9\" data-element_type=\"widget\" data-e-type=\"widget\" data-widget_type=\"shortcode.default\">\n\t\t\t\t<div class=\"elementor-widget-container\">\n\t\t\t\t\t\t\t<div class=\"elementor-shortcode\">\n<div class=\"wpcf7 no-js\" id=\"wpcf7-f2218-o1\" lang=\"en-US\" dir=\"ltr\" data-wpcf7-id=\"2218\">\n<div class=\"screen-reader-response\"><p role=\"status\" aria-live=\"polite\" aria-atomic=\"true\"><\/p> <ul><\/ul><\/div>\n<form action=\"\/de\/wp-json\/wp\/v2\/pages\/1669#wpcf7-f2218-o1\" method=\"post\" class=\"wpcf7-form init\" aria-label=\"Contact form\" novalidate=\"novalidate\" data-status=\"init\">\n<fieldset class=\"hidden-fields-container\"><input type=\"hidden\" name=\"_wpcf7\" value=\"2218\" \/><input type=\"hidden\" name=\"_wpcf7_version\" value=\"6.1.5\" \/><input type=\"hidden\" name=\"_wpcf7_locale\" value=\"en_US\" \/><input type=\"hidden\" name=\"_wpcf7_unit_tag\" value=\"wpcf7-f2218-o1\" \/><input type=\"hidden\" name=\"_wpcf7_container_post\" value=\"0\" \/><input type=\"hidden\" name=\"_wpcf7_posted_data_hash\" value=\"\" \/>\n<\/fieldset>\n<div class=\"contact-form\">\n    <div class=\"row\">\n        <div class=\"col-md-6\">\n            <div class=\"form-group\">\n                <span class=\"wpcf7-form-control-wrap\" data-name=\"your-name\"><input size=\"40\" maxlength=\"400\" class=\"wpcf7-form-control wpcf7-text wpcf7-validates-as-required form-control style-border\" aria-required=\"true\" aria-invalid=\"false\" placeholder=\"Name*\" value=\"\" type=\"text\" name=\"your-name\" \/><\/span>\n            <\/div>\n        <\/div>\n        <div class=\"col-md-6\">\n            <div class=\"form-group\">\n                <span class=\"wpcf7-form-control-wrap\" data-name=\"your-email\"><input size=\"40\" maxlength=\"400\" class=\"wpcf7-form-control wpcf7-email wpcf7-validates-as-required wpcf7-text wpcf7-validates-as-email form-control style-border\" aria-required=\"true\" aria-invalid=\"false\" placeholder=\"E-Mail Adresse*\" value=\"\" type=\"email\" name=\"your-email\" \/><\/span>\n            <\/div>\n        <\/div>\n        <div class=\"col-lg-12\">\n            <div class=\"form-group\">\n                <span class=\"wpcf7-form-control-wrap\" data-name=\"your-website\"><input size=\"40\" maxlength=\"400\" class=\"wpcf7-form-control wpcf7-text form-control style-border\" aria-invalid=\"false\" placeholder=\"Webseite oder Profil\" value=\"\" type=\"text\" name=\"your-website\" \/><\/span>\n            <\/div>\n        <\/div>\n        <div class=\"col-lg-12\">\n            <div class=\"form-group\">\n                <span class=\"wpcf7-form-control-wrap\" data-name=\"your-message\"><textarea cols=\"40\" rows=\"10\" maxlength=\"2000\" class=\"wpcf7-form-control wpcf7-textarea wpcf7-validates-as-required form-control style-border\" aria-required=\"true\" aria-invalid=\"false\" placeholder=\"Wie k\u00f6nnen wir dir helfen?*\" name=\"your-message\"><\/textarea><\/span>\n            <\/div>\n        <\/div>\n    <\/div>\n    <div class=\"form-btn col-12\">\n        <button type=\"submit\" class=\"btn mt-20\">\n            <span class=\"link-effect\">\n                <span class=\"effect-1\">ABSENDEN<\/span>\n                <span class=\"effect-1\">ABSENDEN<\/span>\n            <\/span>\n        <\/button>\n    <\/div>\n<\/div><div class=\"wpcf7-response-output\" aria-hidden=\"true\"><\/div>\n<\/form>\n<\/div>\n<\/div>\n\t\t\t\t\t\t<\/div>\n\t\t\t\t<\/div>\n\t\t\t\t<\/div>\n\t\t\t\t\t<\/div>\n\t\t\t\t<\/div>\n\t\t\t\t<\/div>\n\t\t\t\t<\/div>\n\t\t","protected":false},"excerpt":{"rendered":"<p>Unsere Services f\u00fcr mehr Buchungen und weniger Aufwand Unsere Dienstleistungen sind speziell f\u00fcr kleine Gastgeber entwickelt und helfen dir, deine Vermietung effizient und erfolgreich zu f\u00fchren. So kannst du dich auf das konzentrieren, was wirklich z\u00e4hlt: deine G\u00e4ste. Webseite &#038; Suchmaschinen Professionelle Website &amp; Suchmaschinenoptimierung (SEO), damit deine Unterkunft online \u00fcberzeugt und gefunden wird. Mehr [&hellip;]<\/p>\n","protected":false},"author":1,"featured_media":0,"parent":0,"menu_order":0,"comment_status":"closed","ping_status":"closed","template":"elementor_header_footer","meta":{"_acf_changed":false,"_seopress_robots_primary_cat":"","_seopress_titles_title":"Unser Angebot f\u00fcr Vermieter","_seopress_titles_desc":"Unsere Services f\u00fcr Gastgeber: Mehr Buchungen, weniger Aufwand \u2013 mit Webseiten, Marketing, Beratung & Optimierung von Buchungsplattformen.","_seopress_robots_index":"","nf_dc_page":"","footnotes":""},"class_list":["post-1669","page","type-page","status-publish","hentry"],"acf":[],"_links":{"self":[{"href":"https:\/\/marketingforhosts.com\/de\/wp-json\/wp\/v2\/pages\/1669","targetHints":{"allow":["GET"]}}],"collection":[{"href":"https:\/\/marketingforhosts.com\/de\/wp-json\/wp\/v2\/pages"}],"about":[{"href":"https:\/\/marketingforhosts.com\/de\/wp-json\/wp\/v2\/types\/page"}],"author":[{"embeddable":true,"href":"https:\/\/marketingforhosts.com\/de\/wp-json\/wp\/v2\/users\/1"}],"replies":[{"embeddable":true,"href":"https:\/\/marketingforhosts.com\/de\/wp-json\/wp\/v2\/comments?post=1669"}],"version-history":[{"count":21,"href":"https:\/\/marketingforhosts.com\/de\/wp-json\/wp\/v2\/pages\/1669\/revisions"}],"predecessor-version":[{"id":2963,"href":"https:\/\/marketingforhosts.com\/de\/wp-json\/wp\/v2\/pages\/1669\/revisions\/2963"}],"wp:attachment":[{"href":"https:\/\/marketingforhosts.com\/de\/wp-json\/wp\/v2\/media?parent=1669"}],"curies":[{"name":"wp","href":"https:\/\/api.w.org\/{rel}","templated":true}]}}